{"id":55,"date":"2025-04-02T16:04:32","date_gmt":"2025-04-02T21:04:32","guid":{"rendered":"https:\/\/74.249.100.22\/?page_id=55"},"modified":"2026-02-06T11:35:52","modified_gmt":"2026-02-06T16:35:52","slug":"nosotros","status":"publish","type":"page","link":"https:\/\/elcolchonentertainment.com\/?page_id=55","title":{"rendered":"Nosotros"},"content":{"rendered":"\t\t<div data-elementor-type=\"wp-page\" data-elementor-id=\"55\" class=\"elementor elementor-55\">\n\t\t\t\t\t\t<section class=\"elementor-section elementor-top-section elementor-element elementor-element-7c055a1 elementor-section-full_width elementor-section-height-default elementor-section-height-default\" data-id=\"7c055a1\" data-element_type=\"section\">\n\t\t\t\t\t\t<div class=\"elementor-container elementor-column-gap-no\">\n\t\t\t\t\t<div class=\"elementor-column elementor-col-100 elementor-top-column elementor-element elementor-element-a604f6a\" data-id=\"a604f6a\" data-element_type=\"column\">\n\t\t\t<div class=\"elementor-widget-wrap elementor-element-populated\">\n\t\t\t\t\t\t<div class=\"elementor-element elementor-element-0308dfe elementor-widget elementor-widget-image\" data-id=\"0308dfe\" data-element_type=\"widget\" data-widget_type=\"image.default\">\n\t\t\t\t<div class=\"elementor-widget-container\">\n\t\t\t\t\t\t\t\t\t\t\t\t\t\t\t<img fetchpriority=\"high\" decoding=\"async\" width=\"2048\" height=\"1152\" src=\"https:\/\/elcolchonentertainment.com\/wp-content\/uploads\/2025\/04\/NOSOTROS-CABECERA-2048x1152.jpg\" class=\"attachment-2048x2048 size-2048x2048 wp-image-326\" alt=\"\" srcset=\"https:\/\/elcolchonentertainment.com\/wp-content\/uploads\/2025\/04\/NOSOTROS-CABECERA-2048x1152.jpg 2048w, https:\/\/elcolchonentertainment.com\/wp-content\/uploads\/2025\/04\/NOSOTROS-CABECERA-300x169.jpg 300w, https:\/\/elcolchonentertainment.com\/wp-content\/uploads\/2025\/04\/NOSOTROS-CABECERA-1024x576.jpg 1024w, https:\/\/elcolchonentertainment.com\/wp-content\/uploads\/2025\/04\/NOSOTROS-CABECERA-768x432.jpg 768w, https:\/\/elcolchonentertainment.com\/wp-content\/uploads\/2025\/04\/NOSOTROS-CABECERA-1536x864.jpg 1536w\" sizes=\"(max-width: 2048px) 100vw, 2048px\" \/>\t\t\t\t\t\t\t\t\t\t\t\t\t\t\t<\/div>\n\t\t\t\t<\/div>\n\t\t\t\t\t<\/div>\n\t\t<\/div>\n\t\t\t\t\t<\/div>\n\t\t<\/section>\n\t\t\t\t<section class=\"elementor-section elementor-top-section elementor-element elementor-element-4779523 elementor-section-height-min-height elementor-section-boxed elementor-section-height-default elementor-section-items-middle\" data-id=\"4779523\" data-element_type=\"section\" data-settings=\"{&quot;background_background&quot;:&quot;classic&quot;}\">\n\t\t\t\t\t\t<div class=\"elementor-container elementor-column-gap-default\">\n\t\t\t\t\t<div class=\"elementor-column elementor-col-100 elementor-top-column elementor-element elementor-element-16c5e2c\" data-id=\"16c5e2c\" data-element_type=\"column\">\n\t\t\t<div class=\"elementor-widget-wrap elementor-element-populated\">\n\t\t\t\t\t\t<div class=\"elementor-element elementor-element-4d92a54 elementor-widget elementor-widget-menu-anchor\" data-id=\"4d92a54\" data-element_type=\"widget\" data-widget_type=\"menu-anchor.default\">\n\t\t\t\t<div class=\"elementor-widget-container\">\n\t\t\t\t\t\t\t<div class=\"elementor-menu-anchor\" id=\"IDNOSOTROS2005\"><\/div>\n\t\t\t\t\t\t<\/div>\n\t\t\t\t<\/div>\n\t\t\t\t<div class=\"elementor-element elementor-element-dd36a31 elementor-widget elementor-widget-image\" data-id=\"dd36a31\" data-element_type=\"widget\" data-widget_type=\"image.default\">\n\t\t\t\t<div class=\"elementor-widget-container\">\n\t\t\t\t\t\t\t\t\t\t\t\t\t\t\t\t<a href=\"#IDNOSOTROS2005\">\n\t\t\t\t\t\t\t<img decoding=\"async\" src=\"https:\/\/elcolchonentertainment.com\/wp-content\/uploads\/elementor\/thumbs\/FLECHA-CABECERA-1-r4r54tofc51iptpzkh6u4co56azld9q9qhi7krz3l4.png\" title=\"FLECHA-CABECERA\" alt=\"FLECHA-CABECERA\" loading=\"lazy\" \/>\t\t\t\t\t\t\t\t<\/a>\n\t\t\t\t\t\t\t\t\t\t\t\t\t\t\t<\/div>\n\t\t\t\t<\/div>\n\t\t\t\t\t<\/div>\n\t\t<\/div>\n\t\t\t\t\t<\/div>\n\t\t<\/section>\n\t\t\t\t<section class=\"elementor-section elementor-top-section elementor-element elementor-element-2142dbb elementor-section-boxed elementor-section-height-default elementor-section-height-default\" data-id=\"2142dbb\" data-element_type=\"section\">\n\t\t\t\t\t\t<div class=\"elementor-container elementor-column-gap-default\">\n\t\t\t\t\t<div class=\"elementor-column elementor-col-25 elementor-top-column elementor-element elementor-element-5e10335\" data-id=\"5e10335\" data-element_type=\"column\">\n\t\t\t<div class=\"elementor-widget-wrap\">\n\t\t\t\t\t\t\t<\/div>\n\t\t<\/div>\n\t\t\t\t<div class=\"elementor-column elementor-col-50 elementor-top-column elementor-element elementor-element-5f62e64\" data-id=\"5f62e64\" data-element_type=\"column\">\n\t\t\t<div class=\"elementor-widget-wrap elementor-element-populated\">\n\t\t\t\t\t\t<div class=\"elementor-element elementor-element-0186bc0 elementor-widget elementor-widget-heading\" data-id=\"0186bc0\" data-element_type=\"widget\" data-widget_type=\"heading.default\">\n\t\t\t\t<div class=\"elementor-widget-container\">\n\t\t\t\t\t<h2 class=\"elementor-heading-title elementor-size-default\">Somos una productora audiovisual latinoamericana con base en Lima, Per\u00fa.<\/h2>\t\t\t\t<\/div>\n\t\t\t\t<\/div>\n\t\t\t\t<div class=\"elementor-element elementor-element-2aaef6e elementor-widget elementor-widget-image\" data-id=\"2aaef6e\" data-element_type=\"widget\" data-widget_type=\"image.default\">\n\t\t\t\t<div class=\"elementor-widget-container\">\n\t\t\t\t\t\t\t\t\t\t\t\t\t\t\t<img decoding=\"async\" width=\"300\" height=\"37\" src=\"https:\/\/elcolchonentertainment.com\/wp-content\/uploads\/2025\/04\/FIRMA-PARA-TITULOS-1-300x37.png\" class=\"attachment-medium size-medium wp-image-104\" alt=\"\" srcset=\"https:\/\/elcolchonentertainment.com\/wp-content\/uploads\/2025\/04\/FIRMA-PARA-TITULOS-1-300x37.png 300w, https:\/\/elcolchonentertainment.com\/wp-content\/uploads\/2025\/04\/FIRMA-PARA-TITULOS-1-1024x125.png 1024w, https:\/\/elcolchonentertainment.com\/wp-content\/uploads\/2025\/04\/FIRMA-PARA-TITULOS-1-768x94.png 768w, https:\/\/elcolchonentertainment.com\/wp-content\/uploads\/2025\/04\/FIRMA-PARA-TITULOS-1-1536x188.png 1536w, https:\/\/elcolchonentertainment.com\/wp-content\/uploads\/2025\/04\/FIRMA-PARA-TITULOS-1.png 1618w\" sizes=\"(max-width: 300px) 100vw, 300px\" \/>\t\t\t\t\t\t\t\t\t\t\t\t\t\t\t<\/div>\n\t\t\t\t<\/div>\n\t\t\t\t<div class=\"elementor-element elementor-element-3278363 elementor-widget elementor-widget-text-editor\" data-id=\"3278363\" data-element_type=\"widget\" data-widget_type=\"text-editor.default\">\n\t\t\t\t<div class=\"elementor-widget-container\">\n\t\t\t\t\t\t\t\t\t<p>Nos enfocamos en el desarrollo y producci\u00f3n de contenidos para todos los soportes, con premisas originales que cautivan al espectador, rompen con los esquemas del g\u00e9nero, y provocan una conversaci\u00f3n.<\/p>\t\t\t\t\t\t\t\t<\/div>\n\t\t\t\t<\/div>\n\t\t\t\t\t<\/div>\n\t\t<\/div>\n\t\t\t\t<div class=\"elementor-column elementor-col-25 elementor-top-column elementor-element elementor-element-d3a50f9\" data-id=\"d3a50f9\" data-element_type=\"column\">\n\t\t\t<div class=\"elementor-widget-wrap\">\n\t\t\t\t\t\t\t<\/div>\n\t\t<\/div>\n\t\t\t\t\t<\/div>\n\t\t<\/section>\n\t\t\t\t<section class=\"elementor-section elementor-top-section elementor-element elementor-element-754599c elementor-section-boxed elementor-section-height-default elementor-section-height-default\" data-id=\"754599c\" data-element_type=\"section\">\n\t\t\t\t\t\t<div class=\"elementor-container elementor-column-gap-default\">\n\t\t\t\t\t<div class=\"elementor-column elementor-col-16 elementor-top-column elementor-element elementor-element-59c7545\" data-id=\"59c7545\" data-element_type=\"column\">\n\t\t\t<div class=\"elementor-widget-wrap\">\n\t\t\t\t\t\t\t<\/div>\n\t\t<\/div>\n\t\t\t\t<div class=\"elementor-column elementor-col-66 elementor-top-column elementor-element elementor-element-da8e8a8\" data-id=\"da8e8a8\" data-element_type=\"column\">\n\t\t\t<div class=\"elementor-widget-wrap elementor-element-populated\">\n\t\t\t\t\t\t<section class=\"elementor-section elementor-inner-section elementor-element elementor-element-eb5c8c5 elementor-section-boxed elementor-section-height-default elementor-section-height-default\" data-id=\"eb5c8c5\" data-element_type=\"section\">\n\t\t\t\t\t\t<div class=\"elementor-container elementor-column-gap-default\">\n\t\t\t\t\t<div class=\"elementor-column elementor-col-50 elementor-inner-column elementor-element elementor-element-5bc0b3f\" data-id=\"5bc0b3f\" data-element_type=\"column\">\n\t\t\t<div class=\"elementor-widget-wrap elementor-element-populated\">\n\t\t\t\t\t\t<div class=\"elementor-element elementor-element-8c70c2c elementor-widget elementor-widget-image\" data-id=\"8c70c2c\" data-element_type=\"widget\" data-widget_type=\"image.default\">\n\t\t\t\t<div class=\"elementor-widget-container\">\n\t\t\t\t\t\t\t\t\t\t\t\t\t\t\t\t<a href=\"#elementor-action%3Aaction%3Dpopup%3Aopen%26settings%3DeyJpZCI6IjkxOSIsInRvZ2dsZSI6ZmFsc2V9\">\n\t\t\t\t\t\t\t<img decoding=\"async\" src=\"https:\/\/elcolchonentertainment.com\/wp-content\/uploads\/2025\/04\/DANIEL-RODRIGUEZ-RISCO-scaled.png\" title=\"DANIEL RODRIGUEZ RISCO\" alt=\"DANIEL RODRIGUEZ RISCO\" loading=\"lazy\" \/>\t\t\t\t\t\t\t\t<\/a>\n\t\t\t\t\t\t\t\t\t\t\t\t\t\t\t<\/div>\n\t\t\t\t<\/div>\n\t\t\t\t\t<\/div>\n\t\t<\/div>\n\t\t\t\t<div class=\"elementor-column elementor-col-50 elementor-inner-column elementor-element elementor-element-cb087a7\" data-id=\"cb087a7\" data-element_type=\"column\">\n\t\t\t<div class=\"elementor-widget-wrap elementor-element-populated\">\n\t\t\t\t\t\t<div class=\"elementor-element elementor-element-4cd5545 elementor-widget elementor-widget-image\" data-id=\"4cd5545\" data-element_type=\"widget\" data-widget_type=\"image.default\">\n\t\t\t\t<div class=\"elementor-widget-container\">\n\t\t\t\t\t\t\t\t\t\t\t\t\t\t\t\t<a href=\"#elementor-action%3Aaction%3Dpopup%3Aopen%26settings%3DeyJpZCI6IjEwMDEiLCJ0b2dnbGUiOmZhbHNlfQ%3D%3D\">\n\t\t\t\t\t\t\t<img decoding=\"async\" width=\"659\" height=\"736\" src=\"https:\/\/elcolchonentertainment.com\/wp-content\/uploads\/2025\/04\/ROXANA-RIVERA-1.jpg\" class=\"attachment-large size-large wp-image-631\" alt=\"\" srcset=\"https:\/\/elcolchonentertainment.com\/wp-content\/uploads\/2025\/04\/ROXANA-RIVERA-1.jpg 659w, https:\/\/elcolchonentertainment.com\/wp-content\/uploads\/2025\/04\/ROXANA-RIVERA-1-269x300.jpg 269w\" sizes=\"(max-width: 659px) 100vw, 659px\" \/>\t\t\t\t\t\t\t\t<\/a>\n\t\t\t\t\t\t\t\t\t\t\t\t\t\t\t<\/div>\n\t\t\t\t<\/div>\n\t\t\t\t\t<\/div>\n\t\t<\/div>\n\t\t\t\t\t<\/div>\n\t\t<\/section>\n\t\t\t\t\t<\/div>\n\t\t<\/div>\n\t\t\t\t<div class=\"elementor-column elementor-col-16 elementor-top-column elementor-element elementor-element-9f9dce1\" data-id=\"9f9dce1\" data-element_type=\"column\">\n\t\t\t<div class=\"elementor-widget-wrap\">\n\t\t\t\t\t\t\t<\/div>\n\t\t<\/div>\n\t\t\t\t\t<\/div>\n\t\t<\/section>\n\t\t\t\t<section class=\"elementor-section elementor-top-section elementor-element elementor-element-4fde504 elementor-section-boxed elementor-section-height-default elementor-section-height-default\" data-id=\"4fde504\" data-element_type=\"section\">\n\t\t\t\t\t\t<div class=\"elementor-container elementor-column-gap-default\">\n\t\t\t\t\t<div class=\"elementor-column elementor-col-16 elementor-top-column elementor-element elementor-element-46b0f0b\" data-id=\"46b0f0b\" data-element_type=\"column\">\n\t\t\t<div class=\"elementor-widget-wrap\">\n\t\t\t\t\t\t\t<\/div>\n\t\t<\/div>\n\t\t\t\t<div class=\"elementor-column elementor-col-66 elementor-top-column elementor-element elementor-element-1fd14a9\" data-id=\"1fd14a9\" data-element_type=\"column\">\n\t\t\t<div class=\"elementor-widget-wrap elementor-element-populated\">\n\t\t\t\t\t\t<section class=\"elementor-section elementor-inner-section elementor-element elementor-element-8fb2941 elementor-section-boxed elementor-section-height-default elementor-section-height-default\" data-id=\"8fb2941\" data-element_type=\"section\">\n\t\t\t\t\t\t<div class=\"elementor-container elementor-column-gap-default\">\n\t\t\t\t\t<div class=\"elementor-column elementor-col-50 elementor-inner-column elementor-element elementor-element-da18c2d\" data-id=\"da18c2d\" data-element_type=\"column\">\n\t\t\t<div class=\"elementor-widget-wrap elementor-element-populated\">\n\t\t\t\t\t\t<div class=\"elementor-element elementor-element-f4034ab elementor-widget elementor-widget-heading\" data-id=\"f4034ab\" data-element_type=\"widget\" data-widget_type=\"heading.default\">\n\t\t\t\t<div class=\"elementor-widget-container\">\n\t\t\t\t\t<h4 class=\"elementor-heading-title elementor-size-default\">Daniel Rodr\u00edguez Risco<\/h4>\t\t\t\t<\/div>\n\t\t\t\t<\/div>\n\t\t\t\t<div class=\"elementor-element elementor-element-3fcad66 elementor-widget elementor-widget-text-editor\" data-id=\"3fcad66\" data-element_type=\"widget\" data-widget_type=\"text-editor.default\">\n\t\t\t\t<div class=\"elementor-widget-container\">\n\t\t\t\t\t\t\t\t\t<p>CEO &amp; Director Creativo<\/p>\t\t\t\t\t\t\t\t<\/div>\n\t\t\t\t<\/div>\n\t\t\t\t\t<\/div>\n\t\t<\/div>\n\t\t\t\t<div class=\"elementor-column elementor-col-50 elementor-inner-column elementor-element elementor-element-0eda7bb\" data-id=\"0eda7bb\" data-element_type=\"column\">\n\t\t\t<div class=\"elementor-widget-wrap elementor-element-populated\">\n\t\t\t\t\t\t<div class=\"elementor-element elementor-element-db5ad1e elementor-widget elementor-widget-heading\" data-id=\"db5ad1e\" data-element_type=\"widget\" data-widget_type=\"heading.default\">\n\t\t\t\t<div class=\"elementor-widget-container\">\n\t\t\t\t\t<h4 class=\"elementor-heading-title elementor-size-default\">Roxana Rivera<\/h4>\t\t\t\t<\/div>\n\t\t\t\t<\/div>\n\t\t\t\t<div class=\"elementor-element elementor-element-5406b30 elementor-widget elementor-widget-text-editor\" data-id=\"5406b30\" data-element_type=\"widget\" data-widget_type=\"text-editor.default\">\n\t\t\t\t<div class=\"elementor-widget-container\">\n\t\t\t\t\t\t\t\t\t<p>Productora Ejecutiva<\/p>\t\t\t\t\t\t\t\t<\/div>\n\t\t\t\t<\/div>\n\t\t\t\t\t<\/div>\n\t\t<\/div>\n\t\t\t\t\t<\/div>\n\t\t<\/section>\n\t\t\t\t\t<\/div>\n\t\t<\/div>\n\t\t\t\t<div class=\"elementor-column elementor-col-16 elementor-top-column elementor-element elementor-element-d45ad74\" data-id=\"d45ad74\" data-element_type=\"column\">\n\t\t\t<div class=\"elementor-widget-wrap\">\n\t\t\t\t\t\t\t<\/div>\n\t\t<\/div>\n\t\t\t\t\t<\/div>\n\t\t<\/section>\n\t\t\t\t<section class=\"elementor-section elementor-top-section elementor-element elementor-element-33c5781 elementor-section-boxed elementor-section-height-default elementor-section-height-default\" data-id=\"33c5781\" data-element_type=\"section\">\n\t\t\t\t\t\t<div class=\"elementor-container elementor-column-gap-default\">\n\t\t\t\t\t<div class=\"elementor-column elementor-col-16 elementor-top-column elementor-element elementor-element-c137293\" data-id=\"c137293\" data-element_type=\"column\">\n\t\t\t<div class=\"elementor-widget-wrap\">\n\t\t\t\t\t\t\t<\/div>\n\t\t<\/div>\n\t\t\t\t<div class=\"elementor-column elementor-col-66 elementor-top-column elementor-element elementor-element-d03abc4\" data-id=\"d03abc4\" data-element_type=\"column\">\n\t\t\t<div class=\"elementor-widget-wrap elementor-element-populated\">\n\t\t\t\t\t\t<section class=\"elementor-section elementor-inner-section elementor-element elementor-element-f4a8cbc elementor-section-boxed elementor-section-height-default elementor-section-height-default\" data-id=\"f4a8cbc\" data-element_type=\"section\">\n\t\t\t\t\t\t<div class=\"elementor-container elementor-column-gap-default\">\n\t\t\t\t\t<div class=\"elementor-column elementor-col-50 elementor-inner-column elementor-element elementor-element-2d28401\" data-id=\"2d28401\" data-element_type=\"column\">\n\t\t\t<div class=\"elementor-widget-wrap elementor-element-populated\">\n\t\t\t\t\t\t<div class=\"elementor-element elementor-element-c653d83 elementor-widget elementor-widget-heading\" data-id=\"c653d83\" data-element_type=\"widget\" data-widget_type=\"heading.default\">\n\t\t\t\t<div class=\"elementor-widget-container\">\n\t\t\t\t\t<h4 class=\"elementor-heading-title elementor-size-default\"><a href=\"#elementor-action%3Aaction%3Dpopup%3Aopen%26settings%3DeyJpZCI6IjEwMDciLCJ0b2dnbGUiOmZhbHNlfQ%3D%3D\">Angie Inglis<\/a><\/h4>\t\t\t\t<\/div>\n\t\t\t\t<\/div>\n\t\t\t\t<div class=\"elementor-element elementor-element-cc50e44 elementor-widget elementor-widget-text-editor\" data-id=\"cc50e44\" data-element_type=\"widget\" data-widget_type=\"text-editor.default\">\n\t\t\t\t<div class=\"elementor-widget-container\">\n\t\t\t\t\t\t\t\t\t<p>Coordinadora de Producci\u00f3n<\/p>\t\t\t\t\t\t\t\t<\/div>\n\t\t\t\t<\/div>\n\t\t\t\t\t<\/div>\n\t\t<\/div>\n\t\t\t\t<div class=\"elementor-column elementor-col-50 elementor-inner-column elementor-element elementor-element-e16703d\" data-id=\"e16703d\" data-element_type=\"column\">\n\t\t\t<div class=\"elementor-widget-wrap elementor-element-populated\">\n\t\t\t\t\t\t<div class=\"elementor-element elementor-element-5788ecf elementor-widget elementor-widget-heading\" data-id=\"5788ecf\" data-element_type=\"widget\" data-widget_type=\"heading.default\">\n\t\t\t\t<div class=\"elementor-widget-container\">\n\t\t\t\t\t<h4 class=\"elementor-heading-title elementor-size-default\"><a href=\"#elementor-action%3Aaction%3Dpopup%3Aopen%26settings%3DeyJpZCI6IjEwMjIiLCJ0b2dnbGUiOmZhbHNlfQ%3D%3D\">Rosa Vidal<\/a><\/h4>\t\t\t\t<\/div>\n\t\t\t\t<\/div>\n\t\t\t\t<div class=\"elementor-element elementor-element-c54d1ee elementor-widget elementor-widget-text-editor\" data-id=\"c54d1ee\" data-element_type=\"widget\" data-widget_type=\"text-editor.default\">\n\t\t\t\t<div class=\"elementor-widget-container\">\n\t\t\t\t\t\t\t\t\t<p>Coordinadora Administrativa<\/p>\t\t\t\t\t\t\t\t<\/div>\n\t\t\t\t<\/div>\n\t\t\t\t\t<\/div>\n\t\t<\/div>\n\t\t\t\t\t<\/div>\n\t\t<\/section>\n\t\t\t\t\t<\/div>\n\t\t<\/div>\n\t\t\t\t<div class=\"elementor-column elementor-col-16 elementor-top-column elementor-element elementor-element-5e9f3f9\" data-id=\"5e9f3f9\" data-element_type=\"column\">\n\t\t\t<div class=\"elementor-widget-wrap\">\n\t\t\t\t\t\t\t<\/div>\n\t\t<\/div>\n\t\t\t\t\t<\/div>\n\t\t<\/section>\n\t\t\t\t<\/div>\n\t\t","protected":false},"excerpt":{"rendered":"<p>Somos una productora audiovisual latinoamericana con base en Lima, Per\u00fa. Nos enfocamos en el desarrollo y producci\u00f3n de contenidos para todos los soportes, con premisas originales que cautivan al espectador, rompen con los esquemas del g\u00e9nero, y provocan una conversaci\u00f3n. Daniel Rodr\u00edguez Risco CEO &amp; Director Creativo Roxana Rivera Productora Ejecutiva Angie Inglis Coordinadora de [&hellip;]<\/p>\n","protected":false},"author":2,"featured_media":0,"parent":0,"menu_order":0,"comment_status":"closed","ping_status":"closed","template":"","meta":{"footnotes":""},"class_list":["post-55","page","type-page","status-publish","hentry"],"_links":{"self":[{"href":"https:\/\/elcolchonentertainment.com\/index.php?rest_route=\/wp\/v2\/pages\/55","targetHints":{"allow":["GET"]}}],"collection":[{"href":"https:\/\/elcolchonentertainment.com\/index.php?rest_route=\/wp\/v2\/pages"}],"about":[{"href":"https:\/\/elcolchonentertainment.com\/index.php?rest_route=\/wp\/v2\/types\/page"}],"author":[{"embeddable":true,"href":"https:\/\/elcolchonentertainment.com\/index.php?rest_route=\/wp\/v2\/users\/2"}],"replies":[{"embeddable":true,"href":"https:\/\/elcolchonentertainment.com\/index.php?rest_route=%2Fwp%2Fv2%2Fcomments&post=55"}],"version-history":[{"count":85,"href":"https:\/\/elcolchonentertainment.com\/index.php?rest_route=\/wp\/v2\/pages\/55\/revisions"}],"predecessor-version":[{"id":1492,"href":"https:\/\/elcolchonentertainment.com\/index.php?rest_route=\/wp\/v2\/pages\/55\/revisions\/1492"}],"wp:attachment":[{"href":"https:\/\/elcolchonentertainment.com\/index.php?rest_route=%2Fwp%2Fv2%2Fmedia&parent=55"}],"curies":[{"name":"wp","href":"https:\/\/api.w.org\/{rel}","templated":true}]}}